{"id":51,"date":"2017-03-16T03:38:49","date_gmt":"2017-03-16T03:38:49","guid":{"rendered":"http:\/\/smartdata.tonytemplates.com\/computer-repair\/?page_id=51"},"modified":"2024-06-13T17:47:14","modified_gmt":"2024-06-13T17:47:14","slug":"services","status":"publish","type":"page","link":"https:\/\/surenamatic.es\/?page_id=51","title":{"rendered":"Services"},"content":{"rendered":"<section class=\"wpb-content-wrapper\"><p>[vc_row el_class=&#8221;services-two-txt&#8221;][vc_column el_class=&#8221;row-flex&#8221;]        <div class=\"col-sm-6 col-xs-12\">\r\n            <div class=\"grey-box\">\r\n                <div class=\"grey-box-inside\">\r\n                <div class=\"grey-box-icon\"><i class=\"icon-icon\"><\/i><\/div>\r\n                <div class=\"grey-box-text\">\r\n                    <h4 class=\"grey-box-title\">Bono Kit digital<\/h4>\r\n                    <p>Inf\u00f3rmate cuanto antes.<\/p>\r\n                <\/div>\r\n            <\/div>\r\n            <\/div>\r\n        <\/div>\r\n \r\n                <div class=\"col-sm-6 col-xs-12\">\r\n            <div class=\"grey-box\">\r\n                <div class=\"grey-box-inside\">\r\n                <div class=\"grey-box-icon\"><i class=\"icon-wall-clock\"><\/i><\/div>\r\n                <div class=\"grey-box-text\">\r\n                    <h4 class=\"grey-box-title\">6 d\u00edas a la semana<\/h4>\r\n                    <p>Estamos cerca de t\u00ed y tu empresa.<\/p>\r\n                <\/div>\r\n            <\/div>\r\n            <\/div>\r\n        <\/div>\r\n \r\n        [\/vc_column][\/vc_row][vc_row full_width=&#8221;stretch_row&#8221; css=&#8221;.vc_custom_1494412946586{margin-top: 20px !important;}&#8221;][vc_column][vc_column_text]<\/p>\n<h2 class=\"h-lg text-center\">Nuestros\u00a0 <span class=\"color\">Servicios<\/span><\/h2>\n<p class=\"info text-center\">Todos nuestros servicios incluyen garant\u00eda<\/p>\n<p>[\/vc_column_text][vc_column_text]<\/p>\n<p style=\"text-align: left;\"><span lang=\"es\">Saber que tienes cerca un experto en el que puede confiar,con s\u00f3lo una llamada telef\u00f3nica o un clic de distancia es el mejor servicio que ofrecemos a nuestros clientes. Respaldamos todas sus necesidades de reparaci\u00f3n de ordenadores y dem\u00e1s dispositivos, incluso el contacto con proveedores externos, brindando a los propietarios de negocios un \u00fanico punto de contacto para resolver cualquier problema, sin importar lo que necesite. Ofrecemos servicios inform\u00e1ticos y de redes a clientes particulares y comerciales. El servicio incluye ayuda con la configuraci\u00f3n, resoluci\u00f3n de problemas, mantenimiento, capacitaci\u00f3n, reparaci\u00f3n de computadoras y ayuda general en una amplia variedad de sistemas. Los servicios de reparaci\u00f3n se pueden realizar en el sitio, en el hogar o en la ubicaci\u00f3n de su negocio. Verdaderos entusiastas de la tecnolog\u00eda, nuestros t\u00e9cnicos son expertos de la industria y se enorgullecen de su trabajo.<\/span><\/p>\n<p>[\/vc_column_text][\/vc_column][\/vc_row][vc_row][vc_column][vc_empty_space height=&#8221;30px&#8221;][\/vc_column][\/vc_row][vc_row full_width=&#8221;stretch_row&#8221; el_class=&#8221;services-list-img&#8221;][vc_column width=&#8221;1\/3&#8243;][vc_column_text]<\/p>\n<h3>Que ofrecemos<\/h3>\n<p>[\/vc_column_text]        <div class=\"\">\r\n            <div class=\"row-icon\">\r\n                <div class=\"row-icon-icon\"><i class=\"icon-signs\"><\/i><\/div>\r\n                <div class=\"row-icon-text\">\r\n                    Garant\u00eda                <\/div>\r\n            <\/div>\r\n        <\/div>\r\n                <div class=\"\">\r\n            <div class=\"row-icon\">\r\n                <div class=\"row-icon-icon\"><i class=\"icon-same-day-delivery\"><\/i><\/div>\r\n                <div class=\"row-icon-text\">\r\n                    Rapidez                <\/div>\r\n            <\/div>\r\n        <\/div>\r\n                <div class=\"\">\r\n            <div class=\"row-icon\">\r\n                <div class=\"row-icon-icon\"><i class=\"icon-calendar\"><\/i><\/div>\r\n                <div class=\"row-icon-text\">\r\n                    Dedicaci\u00f3n total                <\/div>\r\n            <\/div>\r\n        <\/div>\r\n                <div class=\"\">\r\n            <div class=\"row-icon\">\r\n                <div class=\"row-icon-icon\"><i class=\"icon-repair-1\"><\/i><\/div>\r\n                <div class=\"row-icon-text\">\r\n                    Servicio t\u00e9cnico propio                <\/div>\r\n            <\/div>\r\n        <\/div>\r\n        [vc_column_text css=&#8221;.vc_custom_1718298166654{padding-top: 15px !important;}&#8221;]<\/p>\n<div class=\"divider-lg visible-lg\"><\/div>\n<div class=\"phone-content\">\n<div class=\"phone-content-text\"><i>Necesitas soporte?<\/i><\/div>\n<div class=\"phone-content-number\">+34 953 757 842<\/div>\n<\/div>\n<p>[\/vc_column_text][\/vc_column][vc_column width=&#8221;2\/3&#8243;][vc_single_image image=&#8221;546&#8243; img_size=&#8221;full&#8221;][\/vc_column][\/vc_row][vc_row el_class=&#8221;block bottom-md&#8221;][vc_column]<div class=\"row text-icon-grid \">        <div class=\"text-icon-squared animation\" data-animation=\"fadeInUp\" data-animation-delay=\"0s\">\r\n        <div class=\"hover\"><\/div>\r\n        <div class=\"caption\">\r\n            <div class=\"icon-big\"><span class=\"icon  icon-notebook-and-mouse-cursor\"><\/span><\/div>\r\n           \r\n            <h5 class=\"title\">Reparaci\u00f3n y venta de port\u00e1tiles <\/h5>\r\n            <div class=\"text\">\r\n                <div>\r\n                       \r\n                <\/div>\r\n                                <a href=\"https:\/\/surenamatic.es\/?page_id=88\" class=\"read-more\">Informaci\u00f3n<\/a>\r\n                             <\/div>\r\n        <\/div>\r\n    <\/div>\r\n                <div class=\"text-icon-squared animation\" data-animation=\"fadeInUp\" data-animation-delay=\"0s\">\r\n        <div class=\"hover\"><\/div>\r\n        <div class=\"caption\">\r\n            <div class=\"icon-big\"><span class=\"icon  icon-computer-with-monitor\"><\/span><\/div>\r\n           \r\n            <h5 class=\"title\">Reparaci\u00f3n y venta de ordenadores <\/h5>\r\n            <div class=\"text\">\r\n                <div>\r\n                       \r\n                <\/div>\r\n                                <a href=\"https:\/\/surenamatic.es\/?page_id=88\" class=\"read-more\">Informaci\u00f3n<\/a>\r\n                             <\/div>\r\n        <\/div>\r\n    <\/div>\r\n                <div class=\"text-icon-squared animation\" data-animation=\"fadeInUp\" data-animation-delay=\"0s\">\r\n        <div class=\"hover\"><\/div>\r\n        <div class=\"caption\">\r\n            <div class=\"icon-big\"><span class=\"icon  icon-icon\"><\/span><\/div>\r\n           \r\n            <h5 class=\"title\">Agente digitalizador Kit Digital <\/h5>\r\n            <div class=\"text\">\r\n                <div>\r\n                       \r\n                <\/div>\r\n                                <a href=\"https:\/\/surenamatic.es\/?page_id=88\" class=\"read-more\">Informaci\u00f3n<\/a>\r\n                             <\/div>\r\n        <\/div>\r\n    <\/div>\r\n                <div class=\"text-icon-squared animation\" data-animation=\"fadeInUp\" data-animation-delay=\"0s\">\r\n        <div class=\"hover\"><\/div>\r\n        <div class=\"caption\">\r\n            <div class=\"icon-big\"><span class=\"icon  icon-updated-security-for-protection-on-internet\"><\/span><\/div>\r\n           \r\n            <h5 class=\"title\">Desarrollo Web y tiendas online <\/h5>\r\n            <div class=\"text\">\r\n                <div>\r\n                       \r\n                <\/div>\r\n                                <a href=\"https:\/\/surenamatic.es\/?page_id=88\" class=\"read-more\">Informaci\u00f3n<\/a>\r\n                             <\/div>\r\n        <\/div>\r\n    <\/div>\r\n                <div class=\"text-icon-squared animation\" data-animation=\"fadeInUp\" data-animation-delay=\"0s\">\r\n        <div class=\"hover\"><\/div>\r\n        <div class=\"caption\">\r\n            <div class=\"icon-big\"><span class=\"icon  icon-viruses\"><\/span><\/div>\r\n           \r\n            <h5 class=\"title\">Eliminaci\u00f3n de virus y malware <\/h5>\r\n            <div class=\"text\">\r\n                <div>\r\n                       \r\n                <\/div>\r\n                                <a href=\"https:\/\/surenamatic.es\/?page_id=88\" class=\"read-more\">Informaci\u00f3n<\/a>\r\n                             <\/div>\r\n        <\/div>\r\n    <\/div>\r\n                <div class=\"text-icon-squared animation\" data-animation=\"fadeInUp\" data-animation-delay=\"0s\">\r\n        <div class=\"hover\"><\/div>\r\n        <div class=\"caption\">\r\n            <div class=\"icon-big\"><span class=\"icon  icon-software\"><\/span><\/div>\r\n           \r\n            <h5 class=\"title\">Instalaci\u00f3n y mantenimiento de software <\/h5>\r\n            <div class=\"text\">\r\n                <div>\r\n                       \r\n                <\/div>\r\n                                <a href=\"https:\/\/surenamatic.es\/?page_id=88\" class=\"read-more\">Informaci\u00f3n<\/a>\r\n                             <\/div>\r\n        <\/div>\r\n    <\/div>\r\n                <div class=\"text-icon-squared animation\" data-animation=\"fadeInUp\" data-animation-delay=\"0s\">\r\n        <div class=\"hover\"><\/div>\r\n        <div class=\"caption\">\r\n            <div class=\"icon-big\"><span class=\"icon  icon-videocard\"><\/span><\/div>\r\n           \r\n            <h5 class=\"title\">Montaje de equipos a medida <\/h5>\r\n            <div class=\"text\">\r\n                <div>\r\n                       \r\n                <\/div>\r\n                                <a href=\"https:\/\/surenamatic.es\/?page_id=88\" class=\"read-more\">Informaci\u00f3n<\/a>\r\n                             <\/div>\r\n        <\/div>\r\n    <\/div>\r\n                <div class=\"text-icon-squared animation\" data-animation=\"fadeInUp\" data-animation-delay=\"0s\">\r\n        <div class=\"hover\"><\/div>\r\n        <div class=\"caption\">\r\n            <div class=\"icon-big\"><span class=\"icon  icon-computer-fan\"><\/span><\/div>\r\n           \r\n            <h5 class=\"title\">Sustituci\u00f3n y mantenimiento <\/h5>\r\n            <div class=\"text\">\r\n                <div>\r\n                       \r\n                <\/div>\r\n                                <a href=\"https:\/\/surenamatic.es\/?page_id=88\" class=\"read-more\">Informaci\u00f3n<\/a>\r\n                             <\/div>\r\n        <\/div>\r\n    <\/div>\r\n                <div class=\"text-icon-squared animation\" data-animation=\"fadeInUp\" data-animation-delay=\"0s\">\r\n        <div class=\"hover\"><\/div>\r\n        <div class=\"caption\">\r\n            <div class=\"icon-big\"><span class=\"icon  icon-data-network\"><\/span><\/div>\r\n           \r\n            <h5 class=\"title\">Servidores\/redes <\/h5>\r\n            <div class=\"text\">\r\n                <div>\r\n                       \r\n                <\/div>\r\n                                <a href=\"https:\/\/surenamatic.es\/?page_id=88\" class=\"read-more\">Informaci\u00f3n<\/a>\r\n                             <\/div>\r\n        <\/div>\r\n    <\/div>\r\n        <\/div>[\/vc_column][\/vc_row][vc_row][vc_column css=&#8221;.vc_custom_1517461126816{padding-top: 0px !important;}&#8221;][vc_column_text]<\/p>\n<div class=\"text-center\">\n<h2>Nuestras <span class=\"color\">Marcas<\/span><\/h2>\n<p class=\"info\">Siempre al lado de las mejores<\/p>\n<\/div>\n<p>[\/vc_column_text][\/vc_column][\/vc_row][vc_row][vc_column]<div class=\"brand-carousel\">       \r\n            <a href=\"\">\r\n            <img decoding=\"async\" src=\"https:\/\/surenamatic.es\/wp-content\/uploads\/2017\/03\/img-brand-1.png\" alt=\"\">\r\n            <\/a>\r\n\r\n          \r\n               \r\n            <a href=\"\">\r\n            <img decoding=\"async\" src=\"https:\/\/surenamatic.es\/wp-content\/uploads\/2017\/03\/img-brand-2.png\" alt=\"\">\r\n            <\/a>\r\n\r\n          \r\n               \r\n            <a href=\"\">\r\n            <img decoding=\"async\" src=\"https:\/\/surenamatic.es\/wp-content\/uploads\/2017\/03\/img-brand-3.png\" alt=\"\">\r\n            <\/a>\r\n\r\n          \r\n               \r\n            <a href=\"\">\r\n            <img decoding=\"async\" src=\"https:\/\/surenamatic.es\/wp-content\/uploads\/2017\/03\/img-brand-4.png\" alt=\"\">\r\n            <\/a>\r\n\r\n          \r\n               \r\n            <a href=\"\">\r\n            <img decoding=\"async\" src=\"https:\/\/surenamatic.es\/wp-content\/uploads\/2017\/03\/img-brand-5.png\" alt=\"\">\r\n            <\/a>\r\n\r\n          \r\n               \r\n            <a href=\"\">\r\n            <img decoding=\"async\" src=\"https:\/\/surenamatic.es\/wp-content\/uploads\/2017\/03\/img-brand-6.png\" alt=\"\">\r\n            <\/a>\r\n\r\n          \r\n               \r\n            <a href=\"\">\r\n            <img decoding=\"async\" src=\"https:\/\/surenamatic.es\/wp-content\/uploads\/2017\/03\/img-brand-7.png\" alt=\"\">\r\n            <\/a>\r\n\r\n          \r\n               \r\n            <a href=\"\">\r\n            <img decoding=\"async\" src=\"https:\/\/surenamatic.es\/wp-content\/uploads\/2017\/03\/img-brand-8.png\" alt=\"\">\r\n            <\/a>\r\n\r\n          \r\n        <\/div>[\/vc_column][\/vc_row]<\/p>\n<\/section>","protected":false},"excerpt":{"rendered":"<p>[vc_row el_class=&#8221;services-two-txt&#8221;][vc_column el_class=&#8221;row-flex&#8221;][\/vc_column][\/vc_row][vc_row full_width=&#8221;stretch_row&#8221; css=&#8221;.vc_custom_1494412946586{margin-top: 20px !important;}&#8221;][vc_column][vc_column_text] Nuestros\u00a0 Servicios Todos nuestros servicios incluyen garant\u00eda [\/vc_column_text][vc_column_text] Saber que tienes cerca un experto en el que puede confiar,con s\u00f3lo una llamada telef\u00f3nica o un clic de distancia es el mejor servicio que ofrecemos a nuestros clientes. Respaldamos todas sus necesidades de reparaci\u00f3n de ordenadores y dem\u00e1s dispositivos, [&hellip;]<\/p>\n","protected":false},"author":1,"featured_media":0,"parent":0,"menu_order":0,"comment_status":"closed","ping_status":"closed","template":"","meta":{"footnotes":""},"class_list":["post-51","page","type-page","status-publish","hentry"],"yoast_head":"<!-- This site is optimized with the Yoast SEO plugin v22.8 - https:\/\/yoast.com\/wordpress\/plugins\/seo\/ -->\n<title>Services - Sure\u00f1amatic<\/title>\n<meta name=\"robots\" content=\"index, follow, max-snippet:-1, max-image-preview:large, max-video-preview:-1\" \/>\n<link rel=\"canonical\" href=\"https:\/\/surenamatic.es\/?page_id=51\" \/>\n<meta property=\"og:locale\" content=\"es_ES\" \/>\n<meta property=\"og:type\" content=\"article\" \/>\n<meta property=\"og:title\" content=\"Services - Sure\u00f1amatic\" \/>\n<meta property=\"og:description\" content=\"[vc_row el_class=&#8221;services-two-txt&#8221;][vc_column el_class=&#8221;row-flex&#8221;][\/vc_column][\/vc_row][vc_row full_width=&#8221;stretch_row&#8221; css=&#8221;.vc_custom_1494412946586{margin-top: 20px !important;}&#8221;][vc_column][vc_column_text] Nuestros\u00a0 Servicios Todos nuestros servicios incluyen garant\u00eda [\/vc_column_text][vc_column_text] Saber que tienes cerca un experto en el que puede confiar,con s\u00f3lo una llamada telef\u00f3nica o un clic de distancia es el mejor servicio que ofrecemos a nuestros clientes. Respaldamos todas sus necesidades de reparaci\u00f3n de ordenadores y dem\u00e1s dispositivos, [&hellip;]\" \/>\n<meta property=\"og:url\" content=\"https:\/\/surenamatic.es\/?page_id=51\" \/>\n<meta property=\"og:site_name\" content=\"Sure\u00f1amatic\" \/>\n<meta property=\"article:modified_time\" content=\"2024-06-13T17:47:14+00:00\" \/>\n<meta name=\"twitter:card\" content=\"summary_large_image\" \/>\n<meta name=\"twitter:label1\" content=\"Tiempo de lectura\" \/>\n\t<meta name=\"twitter:data1\" content=\"2 minutos\" \/>\n<script type=\"application\/ld+json\" class=\"yoast-schema-graph\">{\"@context\":\"https:\/\/schema.org\",\"@graph\":[{\"@type\":\"WebPage\",\"@id\":\"https:\/\/surenamatic.es\/?page_id=51\",\"url\":\"https:\/\/surenamatic.es\/?page_id=51\",\"name\":\"Services - Sure\u00f1amatic\",\"isPartOf\":{\"@id\":\"https:\/\/surenamatic.es\/#website\"},\"datePublished\":\"2017-03-16T03:38:49+00:00\",\"dateModified\":\"2024-06-13T17:47:14+00:00\",\"breadcrumb\":{\"@id\":\"https:\/\/surenamatic.es\/?page_id=51#breadcrumb\"},\"inLanguage\":\"es\",\"potentialAction\":[{\"@type\":\"ReadAction\",\"target\":[\"https:\/\/surenamatic.es\/?page_id=51\"]}]},{\"@type\":\"BreadcrumbList\",\"@id\":\"https:\/\/surenamatic.es\/?page_id=51#breadcrumb\",\"itemListElement\":[{\"@type\":\"ListItem\",\"position\":1,\"name\":\"Home\",\"item\":\"https:\/\/surenamatic.es\/\"},{\"@type\":\"ListItem\",\"position\":2,\"name\":\"Services\"}]},{\"@type\":\"WebSite\",\"@id\":\"https:\/\/surenamatic.es\/#website\",\"url\":\"https:\/\/surenamatic.es\/\",\"name\":\"Sure\u00f1amatic\",\"description\":\"Tu tienda de confianza\",\"potentialAction\":[{\"@type\":\"SearchAction\",\"target\":{\"@type\":\"EntryPoint\",\"urlTemplate\":\"https:\/\/surenamatic.es\/?s={search_term_string}\"},\"query-input\":\"required name=search_term_string\"}],\"inLanguage\":\"es\"}]}<\/script>\n<!-- \/ Yoast SEO plugin. -->","yoast_head_json":{"title":"Services - Sure\u00f1amatic","robots":{"index":"index","follow":"follow","max-snippet":"max-snippet:-1","max-image-preview":"max-image-preview:large","max-video-preview":"max-video-preview:-1"},"canonical":"https:\/\/surenamatic.es\/?page_id=51","og_locale":"es_ES","og_type":"article","og_title":"Services - Sure\u00f1amatic","og_description":"[vc_row el_class=&#8221;services-two-txt&#8221;][vc_column el_class=&#8221;row-flex&#8221;][\/vc_column][\/vc_row][vc_row full_width=&#8221;stretch_row&#8221; css=&#8221;.vc_custom_1494412946586{margin-top: 20px !important;}&#8221;][vc_column][vc_column_text] Nuestros\u00a0 Servicios Todos nuestros servicios incluyen garant\u00eda [\/vc_column_text][vc_column_text] Saber que tienes cerca un experto en el que puede confiar,con s\u00f3lo una llamada telef\u00f3nica o un clic de distancia es el mejor servicio que ofrecemos a nuestros clientes. Respaldamos todas sus necesidades de reparaci\u00f3n de ordenadores y dem\u00e1s dispositivos, [&hellip;]","og_url":"https:\/\/surenamatic.es\/?page_id=51","og_site_name":"Sure\u00f1amatic","article_modified_time":"2024-06-13T17:47:14+00:00","twitter_card":"summary_large_image","twitter_misc":{"Tiempo de lectura":"2 minutos"},"schema":{"@context":"https:\/\/schema.org","@graph":[{"@type":"WebPage","@id":"https:\/\/surenamatic.es\/?page_id=51","url":"https:\/\/surenamatic.es\/?page_id=51","name":"Services - Sure\u00f1amatic","isPartOf":{"@id":"https:\/\/surenamatic.es\/#website"},"datePublished":"2017-03-16T03:38:49+00:00","dateModified":"2024-06-13T17:47:14+00:00","breadcrumb":{"@id":"https:\/\/surenamatic.es\/?page_id=51#breadcrumb"},"inLanguage":"es","potentialAction":[{"@type":"ReadAction","target":["https:\/\/surenamatic.es\/?page_id=51"]}]},{"@type":"BreadcrumbList","@id":"https:\/\/surenamatic.es\/?page_id=51#breadcrumb","itemListElement":[{"@type":"ListItem","position":1,"name":"Home","item":"https:\/\/surenamatic.es\/"},{"@type":"ListItem","position":2,"name":"Services"}]},{"@type":"WebSite","@id":"https:\/\/surenamatic.es\/#website","url":"https:\/\/surenamatic.es\/","name":"Sure\u00f1amatic","description":"Tu tienda de confianza","potentialAction":[{"@type":"SearchAction","target":{"@type":"EntryPoint","urlTemplate":"https:\/\/surenamatic.es\/?s={search_term_string}"},"query-input":"required name=search_term_string"}],"inLanguage":"es"}]}},"_links":{"self":[{"href":"https:\/\/surenamatic.es\/index.php?rest_route=\/wp\/v2\/pages\/51","targetHints":{"allow":["GET"]}}],"collection":[{"href":"https:\/\/surenamatic.es\/index.php?rest_route=\/wp\/v2\/pages"}],"about":[{"href":"https:\/\/surenamatic.es\/index.php?rest_route=\/wp\/v2\/types\/page"}],"author":[{"embeddable":true,"href":"https:\/\/surenamatic.es\/index.php?rest_route=\/wp\/v2\/users\/1"}],"replies":[{"embeddable":true,"href":"https:\/\/surenamatic.es\/index.php?rest_route=%2Fwp%2Fv2%2Fcomments&post=51"}],"version-history":[{"count":26,"href":"https:\/\/surenamatic.es\/index.php?rest_route=\/wp\/v2\/pages\/51\/revisions"}],"predecessor-version":[{"id":1356,"href":"https:\/\/surenamatic.es\/index.php?rest_route=\/wp\/v2\/pages\/51\/revisions\/1356"}],"wp:attachment":[{"href":"https:\/\/surenamatic.es\/index.php?rest_route=%2Fwp%2Fv2%2Fmedia&parent=51"}],"curies":[{"name":"wp","href":"https:\/\/api.w.org\/{rel}","templated":true}]}}